{"id":271,"date":"2020-04-14T15:22:41","date_gmt":"2020-04-14T13:22:41","guid":{"rendered":"http:\/\/johannebertrand.com\/?post_type=product&#038;p=271"},"modified":"2020-11-24T19:25:06","modified_gmt":"2020-11-24T18:25:06","slug":"logo-coloriage","status":"publish","type":"product","link":"https:\/\/johannebertrand.com\/index.php\/product\/logo-coloriage\/","title":{"rendered":"Logo et M\u00e9chant V"},"content":{"rendered":"<h6>D\u00e9tails sur le produit<\/h6>\n<div class=\"content\">\n<ul>\n<li>\n<h6><b>Broch\u00e9 :<\/b> 36 pages<\/h6>\n<\/li>\n<li>\n<h6><b>Editeur\u00a0:<\/b> Independently published (16 avril 2020)<\/h6>\n<\/li>\n<li>\n<h6><b>Collection\u00a0:<\/b> Logol&rsquo;ortho<\/h6>\n<\/li>\n<li>\n<h6><b>Langue\u00a0:<\/b> Fran\u00e7ais<\/h6>\n<\/li>\n<li>\n<h6><b>ISBN-13 :<\/b> 979-8636613732<\/h6>\n<\/li>\n<li>\n<h6><b>ASIN :<\/b> B0875JSKR6<\/h6>\n<\/li>\n<li>\n<h6><b> Dimensions du produit : <\/b> 15,2 x 0,2 x 22,9 cm<\/h6>\n<\/li>\n<\/ul>\n<\/div>\n","protected":false},"excerpt":{"rendered":"<p>Logo et M\u00e9chant V<\/p>\n<p>Comme nous tous, Logo a \u00e9t\u00e9 confin\u00e9 ! Mais comment cela s&rsquo;est-il pass\u00e9 du point de vue de ce petit chien ?<\/p>\n<p>&nbsp;<\/p>\n","protected":false},"featured_media":284,"comment_status":"open","ping_status":"closed","template":"","meta":{"_crdt_document":"","advanced_seo_description":"","jetpack_seo_html_title":"","jetpack_seo_noindex":false},"product_cat":[19],"product_tag":[],"class_list":["post-271","product","type-product","status-publish","has-post-thumbnail","hentry","product_cat-livre-broche"],"jetpack_sharing_enabled":true,"_links":{"self":[{"href":"https:\/\/johannebertrand.com\/index.php\/wp-json\/wp\/v2\/product\/271","targetHints":{"allow":["GET"]}}],"collection":[{"href":"https:\/\/johannebertrand.com\/index.php\/wp-json\/wp\/v2\/product"}],"about":[{"href":"https:\/\/johannebertrand.com\/index.php\/wp-json\/wp\/v2\/types\/product"}],"replies":[{"embeddable":true,"href":"https:\/\/johannebertrand.com\/index.php\/wp-json\/wp\/v2\/comments?post=271"}],"wp:featuredmedia":[{"embeddable":true,"href":"https:\/\/johannebertrand.com\/index.php\/wp-json\/wp\/v2\/media\/284"}],"wp:attachment":[{"href":"https:\/\/johannebertrand.com\/index.php\/wp-json\/wp\/v2\/media?parent=271"}],"wp:term":[{"taxonomy":"product_cat","embeddable":true,"href":"https:\/\/johannebertrand.com\/index.php\/wp-json\/wp\/v2\/product_cat?post=271"},{"taxonomy":"product_tag","embeddable":true,"href":"https:\/\/johannebertrand.com\/index.php\/wp-json\/wp\/v2\/product_tag?post=271"}],"curies":[{"name":"wp","href":"https:\/\/api.w.org\/{rel}","templated":true}]}}