{"id":818,"date":"2022-06-22T18:00:40","date_gmt":"2022-06-22T16:00:40","guid":{"rendered":"https:\/\/johannebertrand.com\/?page_id=818"},"modified":"2023-11-26T19:47:07","modified_gmt":"2023-11-26T18:47:07","slug":"relations-presse-et-medias","status":"publish","type":"page","link":"https:\/\/johannebertrand.com\/index.php\/relations-presse-et-medias\/","title":{"rendered":"Relations Presse et M\u00e9dias"},"content":{"rendered":"\n<figure class=\"wp-block-gallery aligncenter columns-1 is-cropped wp-block-gallery-1 is-layout-flex wp-block-gallery-is-layout-flex\"><ul class=\"blocks-gallery-grid\"><li class=\"blocks-gallery-item\"><figure><img loading=\"lazy\" decoding=\"async\" width=\"1024\" height=\"536\" src=\"https:\/\/johannebertrand.com\/wp-content\/uploads\/2023\/11\/culture-et-self-defense-feminine-1-1024x536.png\" alt=\"\" data-id=\"919\" data-full-url=\"https:\/\/johannebertrand.com\/wp-content\/uploads\/2023\/11\/culture-et-self-defense-feminine-1.png\" data-link=\"https:\/\/johannebertrand.com\/index.php\/relations-presse-et-medias\/culture-et-self-defense-feminine-1\/\" class=\"wp-image-919\" srcset=\"https:\/\/johannebertrand.com\/wp-content\/uploads\/2023\/11\/culture-et-self-defense-feminine-1-1024x536.png 1024w, https:\/\/johannebertrand.com\/wp-content\/uploads\/2023\/11\/culture-et-self-defense-feminine-1-300x157.png 300w, https:\/\/johannebertrand.com\/wp-content\/uploads\/2023\/11\/culture-et-self-defense-feminine-1-768x402.png 768w, https:\/\/johannebertrand.com\/wp-content\/uploads\/2023\/11\/culture-et-self-defense-feminine-1-600x314.png 600w, https:\/\/johannebertrand.com\/wp-content\/uploads\/2023\/11\/culture-et-self-defense-feminine-1.png 1200w\" sizes=\"auto, (max-width: 1024px) 100vw, 1024px\" \/><\/figure><\/li><\/ul><\/figure>\n\n\n\n<figure class=\"wp-block-gallery aligncenter columns-3 is-cropped wp-block-gallery-2 is-layout-flex wp-block-gallery-is-layout-flex\"><ul class=\"blocks-gallery-grid\"><li class=\"blocks-gallery-item\"><figure><img loading=\"lazy\" decoding=\"async\" width=\"1024\" height=\"677\" src=\"https:\/\/johannebertrand.com\/wp-content\/uploads\/2023\/11\/Capture-Mediatheque-Tinqueux-1-1024x677.png\" alt=\"\" data-id=\"922\" class=\"wp-image-922\" srcset=\"https:\/\/johannebertrand.com\/wp-content\/uploads\/2023\/11\/Capture-Mediatheque-Tinqueux-1-1024x677.png 1024w, https:\/\/johannebertrand.com\/wp-content\/uploads\/2023\/11\/Capture-Mediatheque-Tinqueux-1-300x198.png 300w, https:\/\/johannebertrand.com\/wp-content\/uploads\/2023\/11\/Capture-Mediatheque-Tinqueux-1-768x507.png 768w, https:\/\/johannebertrand.com\/wp-content\/uploads\/2023\/11\/Capture-Mediatheque-Tinqueux-1-600x396.png 600w, https:\/\/johannebertrand.com\/wp-content\/uploads\/2023\/11\/Capture-Mediatheque-Tinqueux-1.png 1247w\" sizes=\"auto, (max-width: 1024px) 100vw, 1024px\" \/><\/figure><\/li><li class=\"blocks-gallery-item\"><figure><img loading=\"lazy\" decoding=\"async\" width=\"575\" height=\"1024\" src=\"https:\/\/johannebertrand.com\/wp-content\/uploads\/2023\/11\/Affiche-Tinqueux-25-nov-575x1024.jpg\" alt=\"\" data-id=\"931\" data-link=\"https:\/\/johannebertrand.com\/index.php\/relations-presse-et-medias\/affiche-tinqueux-25-nov\/\" class=\"wp-image-931\" srcset=\"https:\/\/johannebertrand.com\/wp-content\/uploads\/2023\/11\/Affiche-Tinqueux-25-nov-575x1024.jpg 575w, https:\/\/johannebertrand.com\/wp-content\/uploads\/2023\/11\/Affiche-Tinqueux-25-nov-169x300.jpg 169w, https:\/\/johannebertrand.com\/wp-content\/uploads\/2023\/11\/Affiche-Tinqueux-25-nov-768x1367.jpg 768w, https:\/\/johannebertrand.com\/wp-content\/uploads\/2023\/11\/Affiche-Tinqueux-25-nov-863x1536.jpg 863w, https:\/\/johannebertrand.com\/wp-content\/uploads\/2023\/11\/Affiche-Tinqueux-25-nov-600x1068.jpg 600w, https:\/\/johannebertrand.com\/wp-content\/uploads\/2023\/11\/Affiche-Tinqueux-25-nov.jpg 1061w\" sizes=\"auto, (max-width: 575px) 100vw, 575px\" \/><\/figure><\/li><li class=\"blocks-gallery-item\"><figure><img loading=\"lazy\" decoding=\"async\" width=\"575\" height=\"1024\" src=\"https:\/\/johannebertrand.com\/wp-content\/uploads\/2023\/11\/IMG_8941-575x1024.jpg\" alt=\"\" data-id=\"935\" data-full-url=\"https:\/\/johannebertrand.com\/wp-content\/uploads\/2023\/11\/IMG_8941.jpg\" data-link=\"https:\/\/johannebertrand.com\/index.php\/relations-presse-et-medias\/img_8941\/\" class=\"wp-image-935\" srcset=\"https:\/\/johannebertrand.com\/wp-content\/uploads\/2023\/11\/IMG_8941-575x1024.jpg 575w, https:\/\/johannebertrand.com\/wp-content\/uploads\/2023\/11\/IMG_8941-169x300.jpg 169w, https:\/\/johannebertrand.com\/wp-content\/uploads\/2023\/11\/IMG_8941-768x1367.jpg 768w, https:\/\/johannebertrand.com\/wp-content\/uploads\/2023\/11\/IMG_8941-600x1068.jpg 600w, https:\/\/johannebertrand.com\/wp-content\/uploads\/2023\/11\/IMG_8941.jpg 828w\" sizes=\"auto, (max-width: 575px) 100vw, 575px\" \/><\/figure><\/li><li class=\"blocks-gallery-item\"><figure><img loading=\"lazy\" decoding=\"async\" width=\"1024\" height=\"967\" src=\"https:\/\/johannebertrand.com\/wp-content\/uploads\/2023\/11\/DOAQ3863-1024x967.jpg\" alt=\"\" data-id=\"934\" data-full-url=\"https:\/\/johannebertrand.com\/wp-content\/uploads\/2023\/11\/DOAQ3863-scaled.jpg\" data-link=\"https:\/\/johannebertrand.com\/index.php\/relations-presse-et-medias\/doaq3863\/\" class=\"wp-image-934\" srcset=\"https:\/\/johannebertrand.com\/wp-content\/uploads\/2023\/11\/DOAQ3863-1024x967.jpg 1024w, https:\/\/johannebertrand.com\/wp-content\/uploads\/2023\/11\/DOAQ3863-300x283.jpg 300w, https:\/\/johannebertrand.com\/wp-content\/uploads\/2023\/11\/DOAQ3863-768x725.jpg 768w, https:\/\/johannebertrand.com\/wp-content\/uploads\/2023\/11\/DOAQ3863-1536x1450.jpg 1536w, https:\/\/johannebertrand.com\/wp-content\/uploads\/2023\/11\/DOAQ3863-2048x1933.jpg 2048w, https:\/\/johannebertrand.com\/wp-content\/uploads\/2023\/11\/DOAQ3863-600x566.jpg 600w\" sizes=\"auto, (max-width: 1024px) 100vw, 1024px\" \/><\/figure><\/li><li class=\"blocks-gallery-item\"><figure><img loading=\"lazy\" decoding=\"async\" width=\"828\" height=\"622\" src=\"https:\/\/johannebertrand.com\/wp-content\/uploads\/2023\/11\/IMG_8961.jpg\" alt=\"\" data-id=\"936\" data-full-url=\"https:\/\/johannebertrand.com\/wp-content\/uploads\/2023\/11\/IMG_8961.jpg\" data-link=\"https:\/\/johannebertrand.com\/index.php\/relations-presse-et-medias\/img_8961\/\" class=\"wp-image-936\" srcset=\"https:\/\/johannebertrand.com\/wp-content\/uploads\/2023\/11\/IMG_8961.jpg 828w, https:\/\/johannebertrand.com\/wp-content\/uploads\/2023\/11\/IMG_8961-300x225.jpg 300w, https:\/\/johannebertrand.com\/wp-content\/uploads\/2023\/11\/IMG_8961-768x577.jpg 768w, https:\/\/johannebertrand.com\/wp-content\/uploads\/2023\/11\/IMG_8961-600x451.jpg 600w\" sizes=\"auto, (max-width: 828px) 100vw, 828px\" \/><\/figure><\/li><li class=\"blocks-gallery-item\"><figure><img loading=\"lazy\" decoding=\"async\" width=\"828\" height=\"591\" src=\"https:\/\/johannebertrand.com\/wp-content\/uploads\/2023\/11\/IMG_8963.jpg\" alt=\"\" data-id=\"937\" data-full-url=\"https:\/\/johannebertrand.com\/wp-content\/uploads\/2023\/11\/IMG_8963.jpg\" data-link=\"https:\/\/johannebertrand.com\/index.php\/relations-presse-et-medias\/img_8963\/\" class=\"wp-image-937\" srcset=\"https:\/\/johannebertrand.com\/wp-content\/uploads\/2023\/11\/IMG_8963.jpg 828w, https:\/\/johannebertrand.com\/wp-content\/uploads\/2023\/11\/IMG_8963-300x214.jpg 300w, https:\/\/johannebertrand.com\/wp-content\/uploads\/2023\/11\/IMG_8963-768x548.jpg 768w, https:\/\/johannebertrand.com\/wp-content\/uploads\/2023\/11\/IMG_8963-600x428.jpg 600w\" sizes=\"auto, (max-width: 828px) 100vw, 828px\" \/><\/figure><\/li><li class=\"blocks-gallery-item\"><figure><img loading=\"lazy\" decoding=\"async\" width=\"828\" height=\"622\" src=\"https:\/\/johannebertrand.com\/wp-content\/uploads\/2023\/11\/IMG_E8962.jpg\" alt=\"\" data-id=\"938\" data-full-url=\"https:\/\/johannebertrand.com\/wp-content\/uploads\/2023\/11\/IMG_E8962.jpg\" data-link=\"https:\/\/johannebertrand.com\/index.php\/relations-presse-et-medias\/img_e8962\/\" class=\"wp-image-938\" srcset=\"https:\/\/johannebertrand.com\/wp-content\/uploads\/2023\/11\/IMG_E8962.jpg 828w, https:\/\/johannebertrand.com\/wp-content\/uploads\/2023\/11\/IMG_E8962-300x225.jpg 300w, https:\/\/johannebertrand.com\/wp-content\/uploads\/2023\/11\/IMG_E8962-768x577.jpg 768w, https:\/\/johannebertrand.com\/wp-content\/uploads\/2023\/11\/IMG_E8962-600x451.jpg 600w\" sizes=\"auto, (max-width: 828px) 100vw, 828px\" \/><\/figure><\/li><li class=\"blocks-gallery-item\"><figure><img loading=\"lazy\" decoding=\"async\" width=\"1024\" height=\"946\" src=\"https:\/\/johannebertrand.com\/wp-content\/uploads\/2023\/11\/IMG_E8968-1024x946.jpg\" alt=\"\" data-id=\"940\" data-full-url=\"https:\/\/johannebertrand.com\/wp-content\/uploads\/2023\/11\/IMG_E8968-scaled.jpg\" data-link=\"https:\/\/johannebertrand.com\/index.php\/relations-presse-et-medias\/img_e8968\/\" class=\"wp-image-940\" srcset=\"https:\/\/johannebertrand.com\/wp-content\/uploads\/2023\/11\/IMG_E8968-1024x946.jpg 1024w, https:\/\/johannebertrand.com\/wp-content\/uploads\/2023\/11\/IMG_E8968-300x277.jpg 300w, https:\/\/johannebertrand.com\/wp-content\/uploads\/2023\/11\/IMG_E8968-768x709.jpg 768w, https:\/\/johannebertrand.com\/wp-content\/uploads\/2023\/11\/IMG_E8968-1536x1419.jpg 1536w, https:\/\/johannebertrand.com\/wp-content\/uploads\/2023\/11\/IMG_E8968-2048x1892.jpg 2048w, https:\/\/johannebertrand.com\/wp-content\/uploads\/2023\/11\/IMG_E8968-600x554.jpg 600w\" sizes=\"auto, (max-width: 1024px) 100vw, 1024px\" \/><\/figure><\/li><li class=\"blocks-gallery-item\"><figure><img loading=\"lazy\" decoding=\"async\" width=\"1024\" height=\"967\" src=\"https:\/\/johannebertrand.com\/wp-content\/uploads\/2023\/11\/TQIIE3563-1024x967.jpg\" alt=\"\" data-id=\"942\" data-full-url=\"https:\/\/johannebertrand.com\/wp-content\/uploads\/2023\/11\/TQIIE3563-scaled.jpg\" data-link=\"https:\/\/johannebertrand.com\/index.php\/relations-presse-et-medias\/tqiie3563\/\" class=\"wp-image-942\" srcset=\"https:\/\/johannebertrand.com\/wp-content\/uploads\/2023\/11\/TQIIE3563-1024x967.jpg 1024w, https:\/\/johannebertrand.com\/wp-content\/uploads\/2023\/11\/TQIIE3563-300x283.jpg 300w, https:\/\/johannebertrand.com\/wp-content\/uploads\/2023\/11\/TQIIE3563-768x725.jpg 768w, https:\/\/johannebertrand.com\/wp-content\/uploads\/2023\/11\/TQIIE3563-1536x1451.jpg 1536w, https:\/\/johannebertrand.com\/wp-content\/uploads\/2023\/11\/TQIIE3563-2048x1934.jpg 2048w, https:\/\/johannebertrand.com\/wp-content\/uploads\/2023\/11\/TQIIE3563-600x567.jpg 600w\" sizes=\"auto, (max-width: 1024px) 100vw, 1024px\" \/><\/figure><\/li><li class=\"blocks-gallery-item\"><figure><img loading=\"lazy\" decoding=\"async\" width=\"819\" height=\"984\" src=\"https:\/\/johannebertrand.com\/wp-content\/uploads\/2023\/11\/OQJN3307.jpg\" alt=\"\" data-id=\"941\" data-full-url=\"https:\/\/johannebertrand.com\/wp-content\/uploads\/2023\/11\/OQJN3307.jpg\" data-link=\"https:\/\/johannebertrand.com\/index.php\/relations-presse-et-medias\/oqjn3307\/\" class=\"wp-image-941\" srcset=\"https:\/\/johannebertrand.com\/wp-content\/uploads\/2023\/11\/OQJN3307.jpg 819w, https:\/\/johannebertrand.com\/wp-content\/uploads\/2023\/11\/OQJN3307-250x300.jpg 250w, https:\/\/johannebertrand.com\/wp-content\/uploads\/2023\/11\/OQJN3307-768x923.jpg 768w, https:\/\/johannebertrand.com\/wp-content\/uploads\/2023\/11\/OQJN3307-600x721.jpg 600w\" sizes=\"auto, (max-width: 819px) 100vw, 819px\" \/><\/figure><\/li><li class=\"blocks-gallery-item\"><figure><img loading=\"lazy\" decoding=\"async\" width=\"714\" height=\"980\" src=\"https:\/\/johannebertrand.com\/wp-content\/uploads\/2023\/11\/XYLA0816.jpg\" alt=\"\" data-id=\"943\" data-full-url=\"https:\/\/johannebertrand.com\/wp-content\/uploads\/2023\/11\/XYLA0816.jpg\" data-link=\"https:\/\/johannebertrand.com\/index.php\/relations-presse-et-medias\/xyla0816\/\" class=\"wp-image-943\" srcset=\"https:\/\/johannebertrand.com\/wp-content\/uploads\/2023\/11\/XYLA0816.jpg 714w, https:\/\/johannebertrand.com\/wp-content\/uploads\/2023\/11\/XYLA0816-219x300.jpg 219w, https:\/\/johannebertrand.com\/wp-content\/uploads\/2023\/11\/XYLA0816-600x824.jpg 600w\" sizes=\"auto, (max-width: 714px) 100vw, 714px\" \/><\/figure><\/li><\/ul><\/figure>\n\n\n\n<div class=\"wp-block-columns is-layout-flex wp-container-core-columns-is-layout-8f761849 wp-block-columns-is-layout-flex\">\n<div class=\"wp-block-column is-layout-flow wp-block-column-is-layout-flow\" style=\"flex-basis:100%\">\n<p class=\"has-text-align-left wp-block-paragraph\">Auteure et instructrice de Krav Maga 3Dan, Johanne Bertrand nous emm\u00e8ne, \u00e0 travers ses romans inspir\u00e9s de son propre v\u00e9cu, au c\u0153ur de la vie de femmes qui ont d\u00e9cid\u00e9 d\u2019apprendre \u00e0 se d\u00e9fendre. <\/p>\n\n\n\n<p class=\"has-text-align-left wp-block-paragraph\">Venez participer \u00e0 cette rencontre unique, dans le cadre de la Journ\u00e9e internationale de lutte contre les violences faites aux femmes, pour un moment d\u2019\u00e9change autour de ses ouvrages et de son parcours. Originalit\u00e9 de la matin\u00e9e : une s\u00e9ance d\u2019initiation gratuite \u00e0 la Self Defense F\u00e9minine est \u00e9galement pr\u00e9vue.Quand : Samedi 25 Novembre 2023 \u00e0 10h.<br>O\u00f9 : M\u00e9diath\u00e8que Le Carr\u00e9 Blanc 51430 Tinqueux <\/p>\n\n\n\n<p class=\"has-text-align-left wp-block-paragraph\">Inscription et renseignements :<br>mediatheque@ville-tinqueux.fr<br>Ou<br>johanne_bertrand@orange.fr<\/p>\n\n\n\n<p class=\"wp-block-paragraph\"><\/p>\n\n\n\n\n\n<p class=\"wp-block-paragraph\" style=\"font-size:25px\"><strong>Finaliste du D\u00e9fi Producteur d&rsquo;Hubert BESSON en Avril 2023 pour le texte L&rsquo;Ordre de Saint-Jean-La-Rivi\u00e8re<\/strong>.<\/p>\n\n\n\n<p class=\"wp-block-paragraph\"><\/p>\n\n\n\n<p class=\"wp-block-paragraph\"><\/p>\n<\/div>\n<\/div>\n\n\n\n\n\n<div class=\"wp-block-media-text has-media-on-the-right is-stacked-on-mobile is-vertically-aligned-center\" style=\"grid-template-columns:auto 85%\"><figure class=\"wp-block-media-text__media\"><img loading=\"lazy\" decoding=\"async\" width=\"640\" height=\"458\" src=\"https:\/\/johannebertrand.com\/wp-content\/uploads\/2023\/03\/LUnion-Reims-16.03.2023.jpg\" alt=\"\" class=\"wp-image-889 size-full\" srcset=\"https:\/\/johannebertrand.com\/wp-content\/uploads\/2023\/03\/LUnion-Reims-16.03.2023.jpg 640w, https:\/\/johannebertrand.com\/wp-content\/uploads\/2023\/03\/LUnion-Reims-16.03.2023-300x215.jpg 300w, https:\/\/johannebertrand.com\/wp-content\/uploads\/2023\/03\/LUnion-Reims-16.03.2023-600x429.jpg 600w\" sizes=\"auto, (max-width: 640px) 100vw, 640px\" \/><\/figure><div class=\"wp-block-media-text__content\">\n<p class=\"wp-block-paragraph\"><\/p>\n\n\n\n<p class=\"wp-block-paragraph\" style=\"font-size:12px\">Article du Journal L&rsquo;Union de Reims dat\u00e9 du 16.03.2023<\/p>\n<\/div><\/div>\n\n\n<p><\/p>\n<p><img loading=\"lazy\" decoding=\"async\" class=\"alignnone size-medium wp-image-819\" src=\"https:\/\/johannebertrand.com\/wp-content\/uploads\/2022\/06\/France-Bleu-1-06.2022-300x225.jpg\" alt=\"\" width=\"300\" height=\"225\" srcset=\"https:\/\/johannebertrand.com\/wp-content\/uploads\/2022\/06\/France-Bleu-1-06.2022-300x225.jpg 300w, https:\/\/johannebertrand.com\/wp-content\/uploads\/2022\/06\/France-Bleu-1-06.2022-1024x768.jpg 1024w, https:\/\/johannebertrand.com\/wp-content\/uploads\/2022\/06\/France-Bleu-1-06.2022-768x576.jpg 768w, https:\/\/johannebertrand.com\/wp-content\/uploads\/2022\/06\/France-Bleu-1-06.2022-600x450.jpg 600w, https:\/\/johannebertrand.com\/wp-content\/uploads\/2022\/06\/France-Bleu-1-06.2022.jpg 1440w\" sizes=\"auto, (max-width: 300px) 100vw, 300px\" \/><\/p>\n<p><img loading=\"lazy\" decoding=\"async\" class=\"alignnone size-medium wp-image-820\" src=\"https:\/\/johannebertrand.com\/wp-content\/uploads\/2022\/06\/France-Bleu-2-06.2022-300x225.jpg\" alt=\"\" width=\"300\" height=\"225\" srcset=\"https:\/\/johannebertrand.com\/wp-content\/uploads\/2022\/06\/France-Bleu-2-06.2022-300x225.jpg 300w, https:\/\/johannebertrand.com\/wp-content\/uploads\/2022\/06\/France-Bleu-2-06.2022-1024x768.jpg 1024w, https:\/\/johannebertrand.com\/wp-content\/uploads\/2022\/06\/France-Bleu-2-06.2022-768x576.jpg 768w, https:\/\/johannebertrand.com\/wp-content\/uploads\/2022\/06\/France-Bleu-2-06.2022-600x450.jpg 600w, https:\/\/johannebertrand.com\/wp-content\/uploads\/2022\/06\/France-Bleu-2-06.2022.jpg 1440w\" sizes=\"auto, (max-width: 300px) 100vw, 300px\" \/><\/p>\n<p>On parle du Prot\u00e8ge-toi tome 1 dans l&rsquo;\u00e9mission #une \u00e9quipe formidable anim\u00e9e par Olivier Cattiaux sur France Bleu Champagne-Ardenne. 17.06.2022<\/p>","protected":false},"excerpt":{"rendered":"<p>Auteure et instructrice de Krav Maga 3Dan, Johanne Bertrand nous emm\u00e8ne, \u00e0 travers ses romans inspir\u00e9s de son propre v\u00e9cu, au c\u0153ur de la vie de femmes qui ont d\u00e9cid\u00e9 d\u2019apprendre \u00e0 se d\u00e9fendre. Venez participer \u00e0 cette rencontre unique, dans le cadre de la Journ\u00e9e internationale de lutte contre les violences faites aux femmes,<\/p>\n","protected":false},"author":1,"featured_media":0,"parent":0,"menu_order":11,"comment_status":"closed","ping_status":"closed","template":"","meta":{"_crdt_document":"","advanced_seo_description":"","jetpack_seo_html_title":"","jetpack_seo_noindex":false,"footnotes":""},"class_list":["post-818","page","type-page","status-publish","hentry"],"jetpack_sharing_enabled":true,"_links":{"self":[{"href":"https:\/\/johannebertrand.com\/index.php\/wp-json\/wp\/v2\/pages\/818","targetHints":{"allow":["GET"]}}],"collection":[{"href":"https:\/\/johannebertrand.com\/index.php\/wp-json\/wp\/v2\/pages"}],"about":[{"href":"https:\/\/johannebertrand.com\/index.php\/wp-json\/wp\/v2\/types\/page"}],"author":[{"embeddable":true,"href":"https:\/\/johannebertrand.com\/index.php\/wp-json\/wp\/v2\/users\/1"}],"replies":[{"embeddable":true,"href":"https:\/\/johannebertrand.com\/index.php\/wp-json\/wp\/v2\/comments?post=818"}],"version-history":[{"count":35,"href":"https:\/\/johannebertrand.com\/index.php\/wp-json\/wp\/v2\/pages\/818\/revisions"}],"predecessor-version":[{"id":944,"href":"https:\/\/johannebertrand.com\/index.php\/wp-json\/wp\/v2\/pages\/818\/revisions\/944"}],"wp:attachment":[{"href":"https:\/\/johannebertrand.com\/index.php\/wp-json\/wp\/v2\/media?parent=818"}],"curies":[{"name":"wp","href":"https:\/\/api.w.org\/{rel}","templated":true}]}}