{"id":76,"date":"2019-05-25T10:49:14","date_gmt":"2019-05-25T08:49:14","guid":{"rendered":"http:\/\/johannebertrand.com\/?page_id=76"},"modified":"2026-03-22T11:32:02","modified_gmt":"2026-03-22T10:32:02","slug":"la-serie-logolortho","status":"publish","type":"page","link":"https:\/\/johannebertrand.com\/index.php\/la-serie-logolortho\/","title":{"rendered":"Livres enfants : la s\u00e9rie Logolortho"},"content":{"rendered":"\n<div class=\"wp-block-columns is-layout-flex wp-container-core-columns-is-layout-8f761849 wp-block-columns-is-layout-flex\">\n<div class=\"wp-block-column is-layout-flow wp-block-column-is-layout-flow\"><\/div>\n\n\n\n<div class=\"wp-block-column is-layout-flow wp-block-column-is-layout-flow\"><\/div>\n<\/div>\n\n\n<div class=\"wp-block-image\">\n<figure class=\"aligncenter\"><img loading=\"lazy\" decoding=\"async\" width=\"300\" height=\"300\" src=\"http:\/\/johannebertrand.com\/wp-content\/uploads\/2019\/05\/Logo-et-moi-1-300x300.jpg\" alt=\"\" class=\"wp-image-77\" srcset=\"https:\/\/johannebertrand.com\/wp-content\/uploads\/2019\/05\/Logo-et-moi-1-300x300.jpg 300w, https:\/\/johannebertrand.com\/wp-content\/uploads\/2019\/05\/Logo-et-moi-1-100x100.jpg 100w, https:\/\/johannebertrand.com\/wp-content\/uploads\/2019\/05\/Logo-et-moi-1-600x599.jpg 600w, https:\/\/johannebertrand.com\/wp-content\/uploads\/2019\/05\/Logo-et-moi-1-150x150.jpg 150w, https:\/\/johannebertrand.com\/wp-content\/uploads\/2019\/05\/Logo-et-moi-1-768x767.jpg 768w, https:\/\/johannebertrand.com\/wp-content\/uploads\/2019\/05\/Logo-et-moi-1.jpg 960w\" sizes=\"auto, (max-width: 300px) 100vw, 300px\" \/><\/figure>\n<\/div>\n\n\n<p class=\"wp-block-paragraph\"><\/p>\n\n\n\n<p class=\"has-black-color has-text-color has-link-color wp-elements-e8fd3213a78a67c484843e9591964f98 wp-block-paragraph\"><strong data-start=\"127\" data-end=\"135\">Logo<\/strong> est un adorable Jack Russell de 10 ans qui participe aux s\u00e9ances d\u2019orthophonie au cabinet avec les patients. Ce petit chien tr\u00e8s expressif se montre toujours tr\u00e8s sage pendant les s\u00e9ances, avant de se d\u00e9fouler dans le jardin le reste du temps. Il adore jouer au frisbee et gagner des bonbons !<\/p>\n\n\n\n<p class=\"has-black-color has-text-color has-link-color wp-elements-fdbe5abf1969272101ad79d13f65f620 wp-block-paragraph\">Ses journ\u00e9es sont rythm\u00e9es par des pauses toutes plus craquantes les unes que les autres\u2026 ou par de grosses b\u00eatises, comme ce jour o\u00f9 il a vol\u00e9 une part de flan dans la cuisine et l\u2019a d\u00e9vor\u00e9e en entier ! Raconter ses aventures est un vrai plaisir, et voir la joie des gens lorsqu\u2019ils d\u00e9couvrent les photos et ses histoires est une r\u00e9compense inestimable.<\/p>\n\n\n\n<p class=\"has-black-color has-text-color has-link-color wp-elements-ca000f54925c7a37e6a278b031fbfd1f wp-block-paragraph\"><em><strong>Ce qu&rsquo;en pensent les lecteurs :<\/strong><\/em> \u00ab\u00a0Je ne r\u00e9siste pas car ces petits bouquins sont vraiment tr\u00e8s sympas. Sylvie B-L\u00a0\u00bb, <\/p>\n\n\n\n<p class=\"has-black-color has-text-color has-link-color wp-elements-d944778249de4b17748da86e3bd0ec49 wp-block-paragraph\">\u00ab\u00a0Mes patients et moi avons toujours beaucoup de plaisir \u00e0 retrouver les aventures de Logo. Bonne continuation Corinne\u00a0\u00bb,<\/p>\n\n\n\n<figure class=\"wp-block-image size-full\"><img loading=\"lazy\" decoding=\"async\" width=\"574\" height=\"62\" src=\"https:\/\/johannebertrand.com\/wp-content\/uploads\/2021\/12\/capture-livre-de-Logo-2.png\" alt=\"\" class=\"wp-image-747\" srcset=\"https:\/\/johannebertrand.com\/wp-content\/uploads\/2021\/12\/capture-livre-de-Logo-2.png 574w, https:\/\/johannebertrand.com\/wp-content\/uploads\/2021\/12\/capture-livre-de-Logo-2-300x32.png 300w\" sizes=\"auto, (max-width: 574px) 100vw, 574px\" \/><\/figure>\n\n\n\n<figure class=\"wp-block-image size-full\"><img loading=\"lazy\" decoding=\"async\" width=\"706\" height=\"158\" src=\"https:\/\/johannebertrand.com\/wp-content\/uploads\/2026\/01\/avis-lecteurs-1.jpg\" alt=\"\" class=\"wp-image-1114\" srcset=\"https:\/\/johannebertrand.com\/wp-content\/uploads\/2026\/01\/avis-lecteurs-1.jpg 706w, https:\/\/johannebertrand.com\/wp-content\/uploads\/2026\/01\/avis-lecteurs-1-300x67.jpg 300w, https:\/\/johannebertrand.com\/wp-content\/uploads\/2026\/01\/avis-lecteurs-1-600x134.jpg 600w\" sizes=\"auto, (max-width: 706px) 100vw, 706px\" \/><\/figure>\n\n\n\n<figure class=\"wp-block-image size-full\"><img loading=\"lazy\" decoding=\"async\" width=\"607\" height=\"132\" src=\"https:\/\/johannebertrand.com\/wp-content\/uploads\/2026\/01\/avis-lecteurs-2.jpg\" alt=\"\" class=\"wp-image-1116\" srcset=\"https:\/\/johannebertrand.com\/wp-content\/uploads\/2026\/01\/avis-lecteurs-2.jpg 607w, https:\/\/johannebertrand.com\/wp-content\/uploads\/2026\/01\/avis-lecteurs-2-300x65.jpg 300w, https:\/\/johannebertrand.com\/wp-content\/uploads\/2026\/01\/avis-lecteurs-2-600x130.jpg 600w\" sizes=\"auto, (max-width: 607px) 100vw, 607px\" \/><\/figure>\n\n\n\n<div class=\"wp-block-columns is-layout-flex wp-container-core-columns-is-layout-8f761849 wp-block-columns-is-layout-flex\">\n<div class=\"wp-block-column is-layout-flow wp-block-column-is-layout-flow\"><\/div>\n\n\n\n<div class=\"wp-block-column is-layout-flow wp-block-column-is-layout-flow\"><\/div>\n\n\n\n<div class=\"wp-block-column is-layout-flow wp-block-column-is-layout-flow\"><\/div>\n<\/div>\n\n\n\n<h2 class=\"wp-block-heading has-medium-font-size\"><strong>Il suffit de cliquer \ud83d\ude09<\/strong><\/h2>\n\n\n\n<div class=\"wp-block-media-text is-stacked-on-mobile\"><figure class=\"wp-block-media-text__media\"><a href=\"https:\/\/www.amazon.fr\/Logo-Cherche-Histoire-en-Makaton\/dp\/B0GRFSQ2ZM\/ref=sr_1_1?__mk_fr_FR=%C3%85M%C3%85%C5%BD%C3%95%C3%91&amp;crid=24OCCDP3DVQKZ&amp;dib=eyJ2IjoiMSJ9.CBPKa3PN2DldEJ0cVZeAcmYlfvwbymMCM3e9dAw7KBA.uZUITiGFWxFmgihzqMGNg0l93_QGD6ptR3JTl_xDW08&amp;dib_tag=se&amp;keywords=Logo+cherche&amp;qid=1773504358&amp;sprefix=logo+cherche+%2Caps%2C261&amp;sr=8-1\"><img loading=\"lazy\" decoding=\"async\" width=\"364\" height=\"640\" src=\"https:\/\/johannebertrand.com\/wp-content\/uploads\/2026\/03\/Logo-et-livre-Logo-cherche.png\" alt=\"\" class=\"wp-image-1215 size-full\"\/><\/a><\/figure><div class=\"wp-block-media-text__content\">\n<p class=\"has-black-color has-text-color has-link-color has-medium-font-size wp-elements-ff8be59e2c36663e7ebbc2301450b037 wp-block-paragraph\">NOUVEAU<\/p>\n\n\n\n<p class=\"has-black-color has-text-color has-link-color has-medium-font-size wp-elements-96435c2dfdc8c8a1c26f9a379d171ad4 wp-block-paragraph\"><strong>LOGO CHERCHE<\/strong><\/p>\n\n\n\n<p class=\"has-black-color has-text-color has-link-color has-medium-font-size wp-elements-8d68f0ccf91bd5ef9837963f0c743a8e wp-block-paragraph\"><strong> <\/strong>(Histoire en Makaton)<\/p>\n<\/div><\/div>\n\n\n\n<p class=\"wp-block-paragraph\"><\/p>\n\n\n\n<figure class=\"wp-block-image size-large is-resized\"><a href=\"https:\/\/www.amazon.fr\/Logo-D%C3%A9tective-Johanne-Colas-Bertrand\/dp\/B0D5MJR3GD\/ref=sr_1_1?__mk_fr_FR=%C3%85M%C3%85%C5%BD%C3%95%C3%91&amp;crid=ZVRBZBW1AZ31&amp;dib=eyJ2IjoiMSJ9.BiXt8RajHFNmvzP-7HHkPGFeb_kLQAwVSmyJptC6zpwSukVh3J5SrJokbHp22Tb8ixyMRCzklWi4cSUOeMg4MmCPF2-KAq2aTp0ukUi3VaJT68WAdAq8EtUHFJW-GF_lNGZwJ5uyssIGWVo-oRjLym8auvE7TlhHliZwrHfbALab0UMQ9J5RZGourz0veilIymns_aTDysJfrVht_gi-y1-RDnSTDQqmIwjzCdoaEcB7oKdiXTkdl0hCwg-Qgy0bC_YIGM_fUiQIdd8sTNZqaSTvJ1WU5mAqJx_TAVAHfrI.QAuZMzTSJVj0jECwW_xfkZN0KHgSWg3XoCAnw1kY6i0&amp;dib_tag=se&amp;keywords=Logo+d%C3%A9tective&amp;qid=1773505441&amp;sprefix=logo+d%C3%A9tectiv%2Caps%2C249&amp;sr=8-1\"><img loading=\"lazy\" decoding=\"async\" width=\"683\" height=\"1024\" src=\"https:\/\/johannebertrand.com\/wp-content\/uploads\/2026\/03\/Couverture-Logo-Detective-683x1024.jpg\" alt=\"\" class=\"wp-image-1196\" style=\"aspect-ratio:0.6670074618894297;width:156px;height:auto\" srcset=\"https:\/\/johannebertrand.com\/wp-content\/uploads\/2026\/03\/Couverture-Logo-Detective-683x1024.jpg 683w, https:\/\/johannebertrand.com\/wp-content\/uploads\/2026\/03\/Couverture-Logo-Detective-200x300.jpg 200w, https:\/\/johannebertrand.com\/wp-content\/uploads\/2026\/03\/Couverture-Logo-Detective-768x1151.jpg 768w, https:\/\/johannebertrand.com\/wp-content\/uploads\/2026\/03\/Couverture-Logo-Detective-600x899.jpg 600w, https:\/\/johannebertrand.com\/wp-content\/uploads\/2026\/03\/Couverture-Logo-Detective.jpg 1000w\" sizes=\"auto, (max-width: 683px) 100vw, 683px\" \/><\/a><\/figure>\n\n\n\n<p class=\"has-black-color has-text-color has-link-color wp-elements-9755c603b32a4dee8bb6d8e0ae0e2bdd wp-block-paragraph\">Logo D\u00e9tective (lecture classique)<\/p>\n\n\n\n<figure class=\"wp-block-gallery has-nested-images columns-default is-cropped wp-block-gallery-1 is-layout-flex wp-block-gallery-is-layout-flex\">\n<figure class=\"wp-block-image size-large is-style-rectangular\"><a href=\"https:\/\/www.amazon.fr\/Logo-est-gourmand-Logolortho-t-ebook\/dp\/B0878VMSJ5\/ref=sr_1_1?__mk_fr_FR=%C3%85M%C3%85%C5%BD%C3%95%C3%91&amp;crid=CY1ITE3PIPVM&amp;dib=eyJ2IjoiMSJ9.m-iMpCpGadK1axCFyavp9iug0mtrUcMO99_U5CvtbXI.lyQQxAgIUuV1ZfhjmfW6yyH7bZ0eaEs8k2qHZq5kCN4&amp;dib_tag=se&amp;keywords=Logo+est+gourmand&amp;qid=1773506145&amp;sprefix=logo+est+gourman%2Caps%2C253&amp;sr=8-1\"><img loading=\"lazy\" decoding=\"async\" width=\"374\" height=\"640\" data-id=\"195\" src=\"https:\/\/johannebertrand.com\/wp-content\/uploads\/2019\/11\/Logo-avec-son-livre-Logo-est-gourmand.jpg\" alt=\"\" class=\"wp-image-195\" srcset=\"https:\/\/johannebertrand.com\/wp-content\/uploads\/2019\/11\/Logo-avec-son-livre-Logo-est-gourmand.jpg 374w, https:\/\/johannebertrand.com\/wp-content\/uploads\/2019\/11\/Logo-avec-son-livre-Logo-est-gourmand-175x300.jpg 175w\" sizes=\"auto, (max-width: 374px) 100vw, 374px\" \/><\/a><\/figure>\n\n\n\n<figure class=\"wp-block-image size-large\"><a href=\"https:\/\/www.amazon.fr\/Logo-aime-manger-Johanne-Colas-Bertrand\/dp\/B0GFKJZSXZ\/ref=sr_1_1_sspa?__mk_fr_FR=%C3%85M%C3%85%C5%BD%C3%95%C3%91&amp;crid=1ROP4PUSKTEJ3&amp;dib=eyJ2IjoiMSJ9.ilcjHdBMHmg5HMapU7_RlbvtbSwDWw7qD6_YGL1T-sEL075nY0CpEDpoRF8r1TgonyRfSHrKfJAH-42ziadh1WQN2SIqP2ZwND4zkiEIOF0t0Vc8zo2WnX7qVsgqVuVRU8NhDVKgfoGMYEO_yB9SHA._I9NW0xPpH05MgXqKXEV27uELFy5BPjoDD13WD6-j_k&amp;dib_tag=se&amp;keywords=Logo+aime+manger&amp;qid=1773506172&amp;sprefix=logo+aime+mang%2Caps%2C236&amp;sr=8-1-spons&amp;aref=OIDyKHFxCF&amp;sp_csd=d2lkZ2V0TmFtZT1zcF9hdGY&amp;psc=1\"><img loading=\"lazy\" decoding=\"async\" width=\"385\" height=\"640\" data-id=\"1142\" src=\"https:\/\/johannebertrand.com\/wp-content\/uploads\/2026\/01\/IMG_3451.png\" alt=\"\" class=\"wp-image-1142\" srcset=\"https:\/\/johannebertrand.com\/wp-content\/uploads\/2026\/01\/IMG_3451.png 385w, https:\/\/johannebertrand.com\/wp-content\/uploads\/2026\/01\/IMG_3451-180x300.png 180w\" sizes=\"auto, (max-width: 385px) 100vw, 385px\" \/><\/a><\/figure>\n<\/figure>\n\n\n\n<p class=\"has-black-color has-text-color has-link-color wp-elements-241c516ca0e3c02f67f1db40a716dd32 wp-block-paragraph\">Logo est gourmand (lecture classique)   &#8212;&#8212;-                    Logo aime manger (en Makaton)<\/p>\n\n\n\n<div class=\"wp-block-columns is-layout-flex wp-container-core-columns-is-layout-8f761849 wp-block-columns-is-layout-flex\">\n<div class=\"wp-block-column is-layout-flow wp-block-column-is-layout-flow\" style=\"flex-basis:100%\">\n<figure class=\"wp-block-gallery has-nested-images columns-default is-cropped wp-block-gallery-2 is-layout-flex wp-block-gallery-is-layout-flex\">\n<figure class=\"wp-block-image size-large\"><a href=\"https:\/\/www.amazon.fr\/No%C3%ABl-Logo-Johanne-Bertrand\/dp\/B08MVCHMNB\/ref=sr_1_1?__mk_fr_FR=%C3%85M%C3%85%C5%BD%C3%95%C3%91&amp;crid=3EX9WN0LC1W93&amp;dchild=1&amp;keywords=Le+No%C3%ABl+de+Logo&amp;qid=1635586636&amp;sprefix=le+no%C3%ABl+de+logo%2Caps%2C82&amp;sr=8-1\"><img loading=\"lazy\" decoding=\"async\" width=\"930\" height=\"1024\" data-id=\"479\" src=\"https:\/\/johannebertrand.com\/wp-content\/uploads\/2020\/11\/Le-Noel-de-Logo-930x1024.jpg\" alt=\"\" class=\"wp-image-479\" srcset=\"https:\/\/johannebertrand.com\/wp-content\/uploads\/2020\/11\/Le-Noel-de-Logo-930x1024.jpg 930w, https:\/\/johannebertrand.com\/wp-content\/uploads\/2020\/11\/Le-Noel-de-Logo-272x300.jpg 272w, https:\/\/johannebertrand.com\/wp-content\/uploads\/2020\/11\/Le-Noel-de-Logo-768x846.jpg 768w, https:\/\/johannebertrand.com\/wp-content\/uploads\/2020\/11\/Le-Noel-de-Logo-600x661.jpg 600w, https:\/\/johannebertrand.com\/wp-content\/uploads\/2020\/11\/Le-Noel-de-Logo.jpg 1050w\" sizes=\"auto, (max-width: 930px) 100vw, 930px\" \/><\/a><\/figure>\n\n\n\n<figure class=\"wp-block-image size-large\"><a href=\"https:\/\/www.amazon.fr\/s?k=Le+No%C3%ABl+de+Logo+Makaton&amp;__mk_fr_FR=%C3%85M%C3%85%C5%BD%C3%95%C3%91&amp;crid=1V5UOQFE47XWV&amp;sprefix=le+no%C3%ABl+de+logo+makaton%2Caps%2C73&amp;ref=nb_sb_noss\"><img loading=\"lazy\" decoding=\"async\" width=\"640\" height=\"557\" data-id=\"1081\" src=\"https:\/\/johannebertrand.com\/wp-content\/uploads\/2025\/12\/IMG_2543.png\" alt=\"\" class=\"wp-image-1081\" style=\"object-fit:cover\" srcset=\"https:\/\/johannebertrand.com\/wp-content\/uploads\/2025\/12\/IMG_2543.png 640w, https:\/\/johannebertrand.com\/wp-content\/uploads\/2025\/12\/IMG_2543-300x261.png 300w, https:\/\/johannebertrand.com\/wp-content\/uploads\/2025\/12\/IMG_2543-600x522.png 600w\" sizes=\"auto, (max-width: 640px) 100vw, 640px\" \/><\/a><\/figure>\n<\/figure>\n<\/div>\n<\/div>\n\n\n\n<p class=\"has-black-color has-text-color has-link-color wp-elements-d387a55e103cafee5a00bc401d3d7f18 wp-block-paragraph\">Le No\u00ebl de Logo (lecture classique) &#8212;&#8212;                            Le No\u00ebl de Logo (en Makaton)<\/p>\n\n\n\n<figure class=\"wp-block-gallery has-nested-images columns-default is-cropped wp-block-gallery-3 is-layout-flex wp-block-gallery-is-layout-flex\">\n<figure class=\"wp-block-image size-large\"><a href=\"https:\/\/www.amazon.fr\/Logo-fait-du-sport-Logolortho-ebook\/dp\/B0BH7Z44LK\/ref=sr_1_1?__mk_fr_FR=%C3%85M%C3%85%C5%BD%C3%95%C3%91&amp;crid=22C9O93FOWH54&amp;dib=eyJ2IjoiMSJ9.jxur9X-FBTbuTGNSYh0z5uAHYhSYVUe7_cysAA8rBs-vA7nofCRcaXhA_PjydY1hyeJb8iJZ2CtN6aITgEXXGkfUtx6ce97nYFWckmJuDAm4wvhZU0HAMVACLH967UKAYu2zh9KhNq0Ab0PfranS0n906-WU1AYCM_pcbHIHtxoQZiefu68IOs9udwClmYYq-TL-g99YFKUqiLSaCFrBeGh00dxdim_LGcyeQlmFyVh8Kz8NotREhYZwU2uIjBomDL9-oRhN_WeK1KtQKA8gTCk0vIeEGQzcCyP6nZrosnc.ZviGpzoc898qT2QsvgKTCQ0BRTSRjZx7eKENOIOFZYU&amp;dib_tag=se&amp;keywords=Logo+fait+du+sport&amp;qid=1763486576&amp;sprefix=logo+fait+du+sport%2Caps%2C76&amp;sr=8-1\"><img loading=\"lazy\" decoding=\"async\" width=\"688\" height=\"1024\" data-id=\"828\" src=\"https:\/\/johannebertrand.com\/wp-content\/uploads\/2022\/09\/Logo-fait-du-sport-couv-broche-BOD-1-688x1024.png\" alt=\"\" class=\"wp-image-828\"\/><\/a><\/figure>\n\n\n\n<figure class=\"wp-block-image size-large\"><a href=\"https:\/\/www.amazon.fr\/Logo-%C3%A0-l%C3%A9cole-petits-chiens\/dp\/B09B4FHVNN\/ref=sr_1_1?crid=M6ZE5ZNPUD4I&amp;dchild=1&amp;keywords=logo+%C3%A0+l%27%C3%A9cole+des+petits+chiens&amp;qid=1635586598&amp;sprefix=Logo+%C3%A0+l%27%C3%A9cole+de%2Caps%2C71&amp;sr=8-1\"><img loading=\"lazy\" decoding=\"async\" width=\"620\" height=\"1024\" data-id=\"524\" src=\"https:\/\/johannebertrand.com\/wp-content\/uploads\/2021\/08\/Logo-et-son-livre-Logo-a-lecole-620x1024.jpg\" alt=\"\" class=\"wp-image-524\" srcset=\"https:\/\/johannebertrand.com\/wp-content\/uploads\/2021\/08\/Logo-et-son-livre-Logo-a-lecole-620x1024.jpg 620w, https:\/\/johannebertrand.com\/wp-content\/uploads\/2021\/08\/Logo-et-son-livre-Logo-a-lecole-182x300.jpg 182w, https:\/\/johannebertrand.com\/wp-content\/uploads\/2021\/08\/Logo-et-son-livre-Logo-a-lecole-768x1268.jpg 768w, https:\/\/johannebertrand.com\/wp-content\/uploads\/2021\/08\/Logo-et-son-livre-Logo-a-lecole-600x990.jpg 600w, https:\/\/johannebertrand.com\/wp-content\/uploads\/2021\/08\/Logo-et-son-livre-Logo-a-lecole.jpg 824w\" sizes=\"auto, (max-width: 620px) 100vw, 620px\" \/><\/a><\/figure>\n<\/figure>\n\n\n\n<div class=\"wp-block-columns is-layout-flex wp-container-core-columns-is-layout-8f761849 wp-block-columns-is-layout-flex\">\n<div class=\"wp-block-column is-layout-flow wp-block-column-is-layout-flow\" style=\"flex-basis:100%\">\n<p class=\"has-text-align-center wp-block-paragraph\"><span style=\"color: #ff0000;\"><strong> &nbsp;&nbsp;&nbsp;&nbsp; <br><\/strong><\/span><\/p>\n\n\n\n<figure class=\"wp-block-gallery has-nested-images columns-default is-cropped wp-block-gallery-4 is-layout-flex wp-block-gallery-is-layout-flex\">\n<figure class=\"wp-block-image size-large\"><a href=\"https:\/\/www.amazon.fr\/Logo-%C3%A0-mer-Johanne-BERTRAND\/dp\/109311861X\/ref=sr_1_3?__mk_fr_FR=%C3%85M%C3%85%C5%BD%C3%95%C3%91&amp;crid=QW9793XDVZRU&amp;dchild=1&amp;keywords=Logo+%C3%A0+la+mer&amp;qid=1635586995&amp;sprefix=l%2Caps%2C1891&amp;sr=8-3\"><img loading=\"lazy\" decoding=\"async\" width=\"480\" height=\"640\" data-id=\"105\" src=\"https:\/\/johannebertrand.com\/wp-content\/uploads\/2019\/05\/Logo-avec-son-livre-logo-\u00e0-la-mer.jpg\" alt=\"\" class=\"wp-image-105\" srcset=\"https:\/\/johannebertrand.com\/wp-content\/uploads\/2019\/05\/Logo-avec-son-livre-logo-\u00e0-la-mer.jpg 480w, https:\/\/johannebertrand.com\/wp-content\/uploads\/2019\/05\/Logo-avec-son-livre-logo-\u00e0-la-mer-225x300.jpg 225w\" sizes=\"auto, (max-width: 480px) 100vw, 480px\" \/><\/a><\/figure>\n\n\n\n<figure class=\"wp-block-image size-large\"><a href=\"https:\/\/www.amazon.fr\/Logo-M%C3%A9chant-V-Johanne-Bertrand\/dp\/B0875JSKR6\/ref=sr_1_1?__mk_fr_FR=%C3%85M%C3%85%C5%BD%C3%95%C3%91&amp;crid=FMTJYRYL7J2U&amp;dchild=1&amp;keywords=Logo+et+M%C3%A9chant+V&amp;qid=1635586733&amp;sprefix=logo+et+m%C3%A9chant+v%2Caps%2C76&amp;sr=8-1\"><img loading=\"lazy\" decoding=\"async\" width=\"888\" height=\"960\" data-id=\"310\" src=\"https:\/\/johannebertrand.com\/wp-content\/uploads\/2020\/05\/Logo-et-M\u00e9chant-V.jpg\" alt=\"\" class=\"wp-image-310\" srcset=\"https:\/\/johannebertrand.com\/wp-content\/uploads\/2020\/05\/Logo-et-M\u00e9chant-V.jpg 888w, https:\/\/johannebertrand.com\/wp-content\/uploads\/2020\/05\/Logo-et-M\u00e9chant-V-278x300.jpg 278w, https:\/\/johannebertrand.com\/wp-content\/uploads\/2020\/05\/Logo-et-M\u00e9chant-V-768x830.jpg 768w, https:\/\/johannebertrand.com\/wp-content\/uploads\/2020\/05\/Logo-et-M\u00e9chant-V-600x649.jpg 600w\" sizes=\"auto, (max-width: 888px) 100vw, 888px\" \/><\/a><\/figure>\n<\/figure>\n<\/div>\n<\/div>\n\n\n\n<figure class=\"wp-block-image\"><a href=\"https:\/\/www.amazon.fr\/Logo-loves-food-Logolortho-English-ebook\/dp\/B08L298LN4\/ref=sr_1_1?__mk_fr_FR=%C3%85M%C3%85%C5%BD%C3%95%C3%91&amp;dchild=1&amp;keywords=Logo+loves+food&amp;qid=1635586919&amp;sr=8-1\"><img loading=\"lazy\" decoding=\"async\" width=\"188\" height=\"300\" src=\"https:\/\/johannebertrand.com\/wp-content\/uploads\/2020\/10\/couverture-188x300.png\" alt=\"\" class=\"wp-image-357\" srcset=\"https:\/\/johannebertrand.com\/wp-content\/uploads\/2020\/10\/couverture-188x300.png 188w, https:\/\/johannebertrand.com\/wp-content\/uploads\/2020\/10\/couverture.png 216w\" sizes=\"auto, (max-width: 188px) 100vw, 188px\" \/><\/a><\/figure>\n\n\n\n<div class=\"wp-block-columns is-layout-flex wp-container-core-columns-is-layout-8f761849 wp-block-columns-is-layout-flex\"><\/div>\n\n\n\n<div class=\"wp-block-columns is-layout-flex wp-container-core-columns-is-layout-8f761849 wp-block-columns-is-layout-flex\">\n<div class=\"wp-block-column is-layout-flow wp-block-column-is-layout-flow\" style=\"flex-basis:100%\"><\/div>\n<\/div>\n\n\n\n<div class=\"wp-block-columns is-layout-flex wp-container-core-columns-is-layout-8f761849 wp-block-columns-is-layout-flex\">\n<div class=\"wp-block-column is-layout-flow wp-block-column-is-layout-flow\" style=\"flex-basis:100%\">\n<p class=\"wp-block-paragraph\"><\/p>\n<\/div>\n<\/div>\n\n\n\n<p class=\"wp-block-paragraph\"><\/p>\n","protected":false},"excerpt":{"rendered":"<p>Logo est un adorable Jack Russell de 10 ans qui participe aux s\u00e9ances d\u2019orthophonie au cabinet avec les patients. Ce petit chien tr\u00e8s expressif se montre toujours tr\u00e8s sage pendant les s\u00e9ances, avant de se d\u00e9fouler dans le jardin le reste du temps. Il adore jouer au frisbee et gagner des bonbons ! Ses journ\u00e9es<\/p>\n","protected":false},"author":1,"featured_media":0,"parent":0,"menu_order":5,"comment_status":"closed","ping_status":"closed","template":"","meta":{"_crdt_document":"","advanced_seo_description":"","jetpack_seo_html_title":"","jetpack_seo_noindex":false,"footnotes":""},"class_list":["post-76","page","type-page","status-publish","hentry"],"jetpack_sharing_enabled":true,"_links":{"self":[{"href":"https:\/\/johannebertrand.com\/index.php\/wp-json\/wp\/v2\/pages\/76","targetHints":{"allow":["GET"]}}],"collection":[{"href":"https:\/\/johannebertrand.com\/index.php\/wp-json\/wp\/v2\/pages"}],"about":[{"href":"https:\/\/johannebertrand.com\/index.php\/wp-json\/wp\/v2\/types\/page"}],"author":[{"embeddable":true,"href":"https:\/\/johannebertrand.com\/index.php\/wp-json\/wp\/v2\/users\/1"}],"replies":[{"embeddable":true,"href":"https:\/\/johannebertrand.com\/index.php\/wp-json\/wp\/v2\/comments?post=76"}],"version-history":[{"count":152,"href":"https:\/\/johannebertrand.com\/index.php\/wp-json\/wp\/v2\/pages\/76\/revisions"}],"predecessor-version":[{"id":1282,"href":"https:\/\/johannebertrand.com\/index.php\/wp-json\/wp\/v2\/pages\/76\/revisions\/1282"}],"wp:attachment":[{"href":"https:\/\/johannebertrand.com\/index.php\/wp-json\/wp\/v2\/media?parent=76"}],"curies":[{"name":"wp","href":"https:\/\/api.w.org\/{rel}","templated":true}]}}