{"id":73,"date":"2019-05-25T10:38:44","date_gmt":"2019-05-25T08:38:44","guid":{"rendered":"http:\/\/johannebertrand.com\/?page_id=73"},"modified":"2023-02-15T08:48:39","modified_gmt":"2023-02-15T07:48:39","slug":"ouvrages-techniques-et-articles","status":"publish","type":"page","link":"https:\/\/johannebertrand.com\/index.php\/ouvrages-techniques-et-articles\/","title":{"rendered":"Autres sujets"},"content":{"rendered":"<p>Passionn\u00e9e de self-defense au sens large, j&rsquo;\u00e9cris en particulier sur la self defense f\u00e9minine. C&rsquo;est d&rsquo;ailleurs de mon exp\u00e9rience dans les dojos qu&rsquo;est n\u00e9e la s\u00e9rie de romans-t\u00e9moignages \u00ab\u00a0Le \u00a8Prot\u00e8ge-toi\u00a0\u00bb. Si vous voulez en lire d&rsquo;avantage sur ce domaine, je vous invite \u00e0 jeter votre oeil sur le blog \u00ab\u00a0<a href=\"http:\/\/selfdefensefemininefrance.com\" target=\"_blank\" rel=\"noopener\">Self Defense F\u00e9minine France\u00a0\u00bb<\/a>. J&rsquo;y \u00e9cris des articles, des r\u00e9flexions \u00e0 propos de ce monde \u00ab\u00a0\u00e0 part\u00a0\u00bb.<\/p>\n\n\n<figure class=\"wp-block-image\"><img loading=\"lazy\" decoding=\"async\" width=\"678\" height=\"960\" src=\"http:\/\/johannebertrand.com\/wp-content\/uploads\/2019\/11\/Affiche-droit-de-la-femme-Rethel2.jpg\" alt=\"\" class=\"wp-image-139\" srcset=\"https:\/\/johannebertrand.com\/wp-content\/uploads\/2019\/11\/Affiche-droit-de-la-femme-Rethel2.jpg 678w, https:\/\/johannebertrand.com\/wp-content\/uploads\/2019\/11\/Affiche-droit-de-la-femme-Rethel2-600x850.jpg 600w, https:\/\/johannebertrand.com\/wp-content\/uploads\/2019\/11\/Affiche-droit-de-la-femme-Rethel2-212x300.jpg 212w\" sizes=\"auto, (max-width: 678px) 100vw, 678px\" \/><\/figure>\n\n\n","protected":false},"excerpt":{"rendered":"<p>Passionn\u00e9e de self-defense au sens large, j&rsquo;\u00e9cris en particulier sur la self defense f\u00e9minine. C&rsquo;est d&rsquo;ailleurs de mon exp\u00e9rience dans les dojos qu&rsquo;est n\u00e9e la s\u00e9rie de romans-t\u00e9moignages \u00ab\u00a0Le \u00a8Prot\u00e8ge-toi\u00a0\u00bb. Si vous voulez en lire d&rsquo;avantage sur ce domaine, je vous invite \u00e0 jeter votre oeil sur le blog \u00ab\u00a0Self Defense F\u00e9minine France\u00a0\u00bb. J&rsquo;y \u00e9cris<\/p>\n","protected":false},"author":1,"featured_media":0,"parent":0,"menu_order":6,"comment_status":"closed","ping_status":"closed","template":"","meta":{"_crdt_document":"","advanced_seo_description":"","jetpack_seo_html_title":"","jetpack_seo_noindex":false,"footnotes":""},"class_list":["post-73","page","type-page","status-publish","hentry"],"jetpack_sharing_enabled":true,"_links":{"self":[{"href":"https:\/\/johannebertrand.com\/index.php\/wp-json\/wp\/v2\/pages\/73","targetHints":{"allow":["GET"]}}],"collection":[{"href":"https:\/\/johannebertrand.com\/index.php\/wp-json\/wp\/v2\/pages"}],"about":[{"href":"https:\/\/johannebertrand.com\/index.php\/wp-json\/wp\/v2\/types\/page"}],"author":[{"embeddable":true,"href":"https:\/\/johannebertrand.com\/index.php\/wp-json\/wp\/v2\/users\/1"}],"replies":[{"embeddable":true,"href":"https:\/\/johannebertrand.com\/index.php\/wp-json\/wp\/v2\/comments?post=73"}],"version-history":[{"count":13,"href":"https:\/\/johannebertrand.com\/index.php\/wp-json\/wp\/v2\/pages\/73\/revisions"}],"predecessor-version":[{"id":875,"href":"https:\/\/johannebertrand.com\/index.php\/wp-json\/wp\/v2\/pages\/73\/revisions\/875"}],"wp:attachment":[{"href":"https:\/\/johannebertrand.com\/index.php\/wp-json\/wp\/v2\/media?parent=73"}],"curies":[{"name":"wp","href":"https:\/\/api.w.org\/{rel}","templated":true}]}}