{"id":1087,"date":"2025-12-12T10:28:00","date_gmt":"2025-12-12T09:28:00","guid":{"rendered":"https:\/\/johannebertrand.com\/?page_id=1087"},"modified":"2026-03-29T10:30:06","modified_gmt":"2026-03-29T08:30:06","slug":"__trashed","status":"publish","type":"page","link":"https:\/\/johannebertrand.com\/index.php\/__trashed\/","title":{"rendered":"Vid\u00e9os Makaton"},"content":{"rendered":"\n<p class=\"wp-block-paragraph\">Vous aimez les livres de Logo mais vous ne savez pas comment les signer ?<\/p>\n\n\n\n<p class=\"wp-block-paragraph\">Nouvelle vid\u00e9o d&rsquo;accompagnement du livre Logo cherche, sign\u00e9e par Isabelle, formatrice Makaton. \ud83e\udd29\ud83d\udc4f<\/p>\n\n\n\n<div class=\"wp-block-columns is-layout-flex wp-container-core-columns-is-layout-8f761849 wp-block-columns-is-layout-flex\">\n<div class=\"wp-block-column is-layout-flow wp-block-column-is-layout-flow\">\n<figure class=\"wp-block-image size-full\"><img loading=\"lazy\" decoding=\"async\" width=\"464\" height=\"712\" src=\"https:\/\/johannebertrand.com\/wp-content\/uploads\/2026\/03\/Logo-cherche-couverture-1.jpg\" alt=\"\" class=\"wp-image-1183\"\/><\/figure>\n<\/div>\n\n\n\n<div class=\"wp-block-column is-layout-flow wp-block-column-is-layout-flow\">\n<figure class=\"wp-block-embed is-type-video is-provider-youtube wp-block-embed-youtube wp-embed-aspect-4-3 wp-has-aspect-ratio\"><div class=\"wp-block-embed__wrapper\">\n<div class=\"jetpack-video-wrapper\"><iframe loading=\"lazy\" title=\"Vid\u00e9o d&#039;accompagnement du livre Logo cherche sign\u00e9 en Makaton\" width=\"640\" height=\"480\" src=\"https:\/\/www.youtube.com\/embed\/Ppd-QlByAWI?feature=oembed\" frameborder=\"0\" allow=\"accelerometer; autoplay; clipboard-write; encrypted-media; gyroscope; picture-in-picture; web-share\" referrerpolicy=\"strict-origin-when-cross-origin\" allowfullscreen><\/iframe><\/div>\n<\/div><\/figure>\n<\/div>\n<\/div>\n\n\n\n<p class=\"wp-block-paragraph\">Vid\u00e9o d&rsquo;accompagnement de Logo aime manger, sign\u00e9e par Isabelle, formatrice Makaton, que je remercie beaucoup pour son \u00e9nergie communicative \u00e9galement.<\/p>\n\n\n\n<div class=\"wp-block-media-text is-stacked-on-mobile\"><figure class=\"wp-block-media-text__media\"><img loading=\"lazy\" decoding=\"async\" width=\"577\" height=\"846\" src=\"https:\/\/johannebertrand.com\/wp-content\/uploads\/2026\/01\/Couv-Logo-est-gourmand-Makaton.png\" alt=\"\" class=\"wp-image-1110 size-full\" srcset=\"https:\/\/johannebertrand.com\/wp-content\/uploads\/2026\/01\/Couv-Logo-est-gourmand-Makaton.png 577w, https:\/\/johannebertrand.com\/wp-content\/uploads\/2026\/01\/Couv-Logo-est-gourmand-Makaton-205x300.png 205w\" sizes=\"auto, (max-width: 577px) 100vw, 577px\" \/><\/figure><div class=\"wp-block-media-text__content\">\n<figure class=\"wp-block-embed is-type-video is-provider-youtube wp-block-embed-youtube wp-embed-aspect-16-9 wp-has-aspect-ratio\"><div class=\"wp-block-embed__wrapper\">\n<div class=\"jetpack-video-wrapper\"><iframe loading=\"lazy\" title=\"Logo aime manger (Makaton)\" width=\"640\" height=\"360\" src=\"https:\/\/www.youtube.com\/embed\/jCX1UdZ8Zwo?feature=oembed\" frameborder=\"0\" allow=\"accelerometer; autoplay; clipboard-write; encrypted-media; gyroscope; picture-in-picture; web-share\" referrerpolicy=\"strict-origin-when-cross-origin\" allowfullscreen><\/iframe><\/div>\n<\/div><\/figure>\n<\/div><\/div>\n\n\n\n<p class=\"wp-block-paragraph\">Voici la toute premi\u00e8re vid\u00e9o <strong>Le No\u00ebl de Logo<\/strong> sign\u00e9e par <strong>Marie Lacoste<\/strong> que je remercie tr\u00e8s sinc\u00e8rement pour son soutien ind\u00e9fectible !&nbsp;<\/p>\n\n\n\n<div class=\"wp-block-media-text is-stacked-on-mobile\"><figure class=\"wp-block-media-text__media\"><img loading=\"lazy\" decoding=\"async\" width=\"497\" height=\"747\" src=\"https:\/\/johannebertrand.com\/wp-content\/uploads\/2025\/11\/Couverture-Le-Noel-de-Logo-Makaton.png\" alt=\"\" class=\"wp-image-949 size-full\" srcset=\"https:\/\/johannebertrand.com\/wp-content\/uploads\/2025\/11\/Couverture-Le-Noel-de-Logo-Makaton.png 497w, https:\/\/johannebertrand.com\/wp-content\/uploads\/2025\/11\/Couverture-Le-Noel-de-Logo-Makaton-200x300.png 200w\" sizes=\"auto, (max-width: 497px) 100vw, 497px\" \/><\/figure><div class=\"wp-block-media-text__content\">\n<figure class=\"wp-block-embed is-type-video is-provider-youtube wp-block-embed-youtube wp-embed-aspect-16-9 wp-has-aspect-ratio\"><div class=\"wp-block-embed__wrapper\">\n<div class=\"jetpack-video-wrapper\"><iframe loading=\"lazy\" title=\"Le No\u00ebl de Logo, livre de Johanne Colas-Bertrand, sign\u00e9 en Makaton par Marie\" width=\"640\" height=\"360\" src=\"https:\/\/www.youtube.com\/embed\/FEbLJhBHJS4?feature=oembed\" frameborder=\"0\" allow=\"accelerometer; autoplay; clipboard-write; encrypted-media; gyroscope; picture-in-picture; web-share\" referrerpolicy=\"strict-origin-when-cross-origin\" allowfullscreen><\/iframe><\/div>\n<\/div><\/figure>\n<\/div><\/div>\n","protected":false},"excerpt":{"rendered":"<p>Vous aimez les livres de Logo mais vous ne savez pas comment les signer ? Nouvelle vid\u00e9o d&rsquo;accompagnement du livre Logo cherche, sign\u00e9e par Isabelle, formatrice Makaton. \ud83e\udd29\ud83d\udc4f Vid\u00e9o d&rsquo;accompagnement de Logo aime manger, sign\u00e9e par Isabelle, formatrice Makaton, que je remercie beaucoup pour son \u00e9nergie communicative \u00e9galement. Voici la toute premi\u00e8re vid\u00e9o Le No\u00ebl<\/p>\n","protected":false},"author":1,"featured_media":0,"parent":0,"menu_order":0,"comment_status":"closed","ping_status":"closed","template":"","meta":{"_crdt_document":"","advanced_seo_description":"","jetpack_seo_html_title":"","jetpack_seo_noindex":false,"footnotes":""},"class_list":["post-1087","page","type-page","status-publish","hentry"],"jetpack_sharing_enabled":true,"_links":{"self":[{"href":"https:\/\/johannebertrand.com\/index.php\/wp-json\/wp\/v2\/pages\/1087","targetHints":{"allow":["GET"]}}],"collection":[{"href":"https:\/\/johannebertrand.com\/index.php\/wp-json\/wp\/v2\/pages"}],"about":[{"href":"https:\/\/johannebertrand.com\/index.php\/wp-json\/wp\/v2\/types\/page"}],"author":[{"embeddable":true,"href":"https:\/\/johannebertrand.com\/index.php\/wp-json\/wp\/v2\/users\/1"}],"replies":[{"embeddable":true,"href":"https:\/\/johannebertrand.com\/index.php\/wp-json\/wp\/v2\/comments?post=1087"}],"version-history":[{"count":15,"href":"https:\/\/johannebertrand.com\/index.php\/wp-json\/wp\/v2\/pages\/1087\/revisions"}],"predecessor-version":[{"id":1286,"href":"https:\/\/johannebertrand.com\/index.php\/wp-json\/wp\/v2\/pages\/1087\/revisions\/1286"}],"wp:attachment":[{"href":"https:\/\/johannebertrand.com\/index.php\/wp-json\/wp\/v2\/media?parent=1087"}],"curies":[{"name":"wp","href":"https:\/\/api.w.org\/{rel}","templated":true}]}}